{"id":2,"date":"2020-09-28T11:10:44","date_gmt":"2020-09-28T11:10:44","guid":{"rendered":"http:\/\/wiserq.com.tr\/?page_id=2"},"modified":"2021-02-19T05:23:17","modified_gmt":"2021-02-19T05:23:17","slug":"sample-page","status":"publish","type":"page","link":"https:\/\/wiserq.com.tr\/","title":{"rendered":""},"content":{"rendered":"\n<figure class=\"wp-block-embed is-type-video is-provider-youtube wp-block-embed-youtube wp-embed-aspect-16-9 wp-has-aspect-ratio\"><div class=\"wp-block-embed__wrapper\">\n<iframe loading=\"lazy\" title=\"GPD -  WISER-Q AKILLI ARMAT\u00dcR - T\u00dcRK\u0130YE&#039;N\u0130N \u0130LK TEK G\u00d6VDEDEN SU VE SABUN VEREN FOTOSELL\u0130 ARMAT\u00dcR\u00dc\" width=\"525\" height=\"295\" src=\"https:\/\/www.youtube.com\/embed\/28XUihPMnoc?feature=oembed\" frameborder=\"0\" allow=\"accelerometer; autoplay; clipboard-write; encrypted-media; gyroscope; picture-in-picture\" allowfullscreen><\/iframe>\n<\/div><figcaption><strong>T\u00fcrk\u00e7e<\/strong><\/figcaption><\/figure>\n\n\n\n<figure class=\"wp-block-embed is-type-video is-provider-youtube wp-block-embed-youtube wp-embed-aspect-16-9 wp-has-aspect-ratio\"><div class=\"wp-block-embed__wrapper\">\n<iframe loading=\"lazy\" title=\"Wiser-Q Product Assembly Animation Video\" width=\"525\" height=\"295\" src=\"https:\/\/www.youtube.com\/embed\/KhJrPE6Jaig?feature=oembed\" frameborder=\"0\" allow=\"accelerometer; autoplay; clipboard-write; encrypted-media; gyroscope; picture-in-picture\" allowfullscreen><\/iframe>\n<\/div><figcaption><strong>English<\/strong><\/figcaption><\/figure>\n\n\n\n<figure class=\"wp-block-embed is-type-video is-provider-youtube wp-block-embed-youtube wp-embed-aspect-16-9 wp-has-aspect-ratio\"><div class=\"wp-block-embed__wrapper\">\n<iframe loading=\"lazy\" title=\"Wiser-Q \u0410\u043d\u0438\u043c\u0430\u0446\u0438\u043e\u043d\u043d\u043e\u0435 \u0432\u0438\u0434\u0435\u043e \u043f\u043e \u0441\u0431\u043e\u0440\u043a\u0435 \u043f\u0440\u043e\u0434\u0443\u043a\u0442\u0430\" width=\"525\" height=\"295\" src=\"https:\/\/www.youtube.com\/embed\/TqeA-Ut7AfA?feature=oembed\" frameborder=\"0\" allow=\"accelerometer; autoplay; clipboard-write; encrypted-media; gyroscope; picture-in-picture\" allowfullscreen><\/iframe>\n<\/div><figcaption><strong>\u0440\u0443\u0441\u0441\u043a\u0438\u0439<\/strong><\/figcaption><\/figure>\n\n\n\n<figure class=\"wp-block-embed is-type-video is-provider-youtube wp-block-embed-youtube wp-embed-aspect-16-9 wp-has-aspect-ratio\"><div class=\"wp-block-embed__wrapper\">\n<iframe loading=\"lazy\" title=\"WiserQ-\u0641\u064a\u062f\u064a\u0648 \u0645\u0641\u0635\u0644 \u0644\u062a\u062c\u0645\u064a\u0639 \u0627\u0644\u0645\u0646\u062a\u062c\" width=\"525\" height=\"295\" src=\"https:\/\/www.youtube.com\/embed\/2_y21cdaiGY?feature=oembed\" frameborder=\"0\" allow=\"accelerometer; autoplay; clipboard-write; encrypted-media; gyroscope; picture-in-picture\" allowfullscreen><\/iframe>\n<\/div><figcaption><strong>\u0639\u0631\u0628\u064a<\/strong><\/figcaption><\/figure>\n\n\n\n<div class=\"wp-block-image\"><figure class=\"aligncenter size-large is-resized\"><img loading=\"lazy\" decoding=\"async\" src=\"https:\/\/wiserq.com.tr\/wp-content\/uploads\/2021\/02\/wiserQ_-2-1024x271.jpg\" alt=\"\" class=\"wp-image-47\" width=\"299\" height=\"79\" srcset=\"https:\/\/wiserq.com.tr\/wp-content\/uploads\/2021\/02\/wiserQ_-2-1024x271.jpg 1024w, https:\/\/wiserq.com.tr\/wp-content\/uploads\/2021\/02\/wiserQ_-2-300x79.jpg 300w, https:\/\/wiserq.com.tr\/wp-content\/uploads\/2021\/02\/wiserQ_-2-768x203.jpg 768w, https:\/\/wiserq.com.tr\/wp-content\/uploads\/2021\/02\/wiserQ_-2.jpg 1181w\" sizes=\"(max-width: 299px) 100vw, 299px\" \/><\/figure><\/div>\n\n\n\n<p class=\"has-text-align-center\"><\/p>\n\n\n\n<p><strong>\u0130NSANLARIN EL YIKAMA ALI\u015eKANLIKLARINI TAMAMEN DE\u011e\u0130\u015eT\u0130REN,<br>%100 H\u0130JYEN, MAKS\u0130MUM KONFOR VE DAHA FAZLA EKONOM\u0130<br>SA\u011eLAYAN YEN\u0130 NES\u0130L ARMAT\u00dcR TEKNOLOJ\u0130S\u0130N\u0130 GPD GEL\u0130\u015eT\u0130RD\u0130 DESEK,<br>NASIL %100 H\u0130JYEN?<\/strong><br><br>\u0130nsan, sadece el y\u0131kama al\u0131\u015fkanl\u0131klar\u0131n\u0131 iyile\u015ftirdi\u011finde, bula\u015f\u0131c\u0131 hastal\u0131klar\u0131n yay\u0131lmas\u0131n\u0131 %80 \u00f6nleyebilir. Bu nedenle insan\u0131n oldu\u011fu her yerde hijyen, do\u011fru el y\u0131kama ile ba\u015flar. Dokunarak \u00e7al\u0131\u015ft\u0131r\u0131lan her armat\u00fcr ve sabunluk, y\u00fczeylerindeki bakteri ve vir\u00fcsleri kolayca bula\u015ft\u0131r\u0131r. Siz elinizi temizledi\u011finizi san\u0131rs\u0131n\u0131z ama dokundu\u011funuz y\u00fczeylerdeki mikro  organizmalar sizinle gelir. WISER-Q ile su ve sabun d\u0131\u015f\u0131nda hi\u00e7bir \u015feye dokunmadan, el y\u0131kamay\u0131 deneyimleyeceksiniz.<br><br><strong>NASIL MAKS\u0130MUM KONFOR?<\/strong><br>Bir armat\u00fcr d\u00fc\u015f\u00fcn\u00fcn, i\u00e7inden hem su hem de sabun gelecek. Su ve sabun birbirine kar\u0131\u015fmayacak. \u0130stedi\u011finiz zaman su, istedi\u011finiz zaman sabun alabileceksiniz. Sabun bitmi\u015f derdi olmayacak. Etrafta sabunluk aramayacaks\u0131n\u0131z. \u0130nsan PH de\u011ferine en uygun, hijyeni y\u00fcksek, do\u011fru oranda k\u00f6p\u00fcrt\u00fclm\u00fc\u015f sabunla, el y\u0131kaman\u0131n konforunu deneyimleyeceksiniz.<br><br><strong>NASIL DAHA FAZLA EKONOM\u0130K?<\/strong><br>Fotoselli Armat\u00fcrler, armat\u00fcr ailesine kat\u0131ld\u0131\u011f\u0131ndan beri, \u00f6zellikle toplu kullan\u0131m alanlar\u0131nda %80 varan su tasarrufu sa\u011flad\u0131. \u015eimdi WISER-Q, sabun tasarrufunu da kendi kontrol\u00fcne ald\u0131. WISER-Q, \u00fc\u00e7 farkl\u0131 modda ayar yapma se\u00e7ene\u011fi sunar. \u00d6zel kumanda veya IOS\/Android yaz\u0131l\u0131m ile kontrol edilebilir. Kullan\u0131m ge\u00e7mi\u015fini haf\u0131zas\u0131nda tutar. Ta\u015fma riskine kar\u015f\u0131 60s sonra otomatik kapan\u0131r. Su kesintisinde sabun \u00fcnitesi durur. Elektrik kesintisinde pil \u00fcnitesi devreye girer. WISER-Q bulundu\u011fu ortam\u0131 sadele\u015ftirir, ayr\u0131 sabunluklar gereksiz da\u011f\u0131n\u0131kl\u0131k ve sabun birikintileri, bitmi\u015f sabunlar\u0131n kontrols\u00fczl\u00fc\u011f\u00fcn\u00fc ortadan kald\u0131r\u0131r.<br><br>WISER-Q sadele\u015ftirir, zaman tasarrufu sa\u011flar, ger\u00e7ek hijyeni konforlu bir deneyimle sunar.<\/p>\n\n\n\n<hr class=\"wp-block-separator\"\/>\n\n\n\n<p>FULLY CHANGING HANDS WASHING HABITS, 100% HYGIENE, MAXIMUM COMFORT AND MORE ECONOMICS GPD DEVELOPED THE NEW GENERATION FIXTURE TECHNOLOGY THAT PROVIDES,<\/p>\n\n\n\n<p><strong>HOW IS 100% HYGIENE?<\/strong><br>When a person only improves hand washing habits, he can prevent the spread of infectious diseases by 80%. For this reason, hygiene starts with the right way of hand washing wherever there is a person. Each tap-operated armature and soap dispenser easily infects bacteria and viruses on their surface. You think you have cleaned your hand, but microorganisms on the surfaces you touch come with you. With WISER-Q, you will experience hand washing without touching anything except water and soap.<br><br><strong>HOW MAXIMUM COMFORT?<\/strong><br>Think of a faucet, both water and soap will come from it. Water and soap will not mix. You can get water whenever you want and soap whenever you want. The soap won&#8217;t run out. You won&#8217;t look for soap dispenser around. You will experience the comfort of hand washing with the right amount of foamed soap, which is hygienic, most suitable for human PH value.<br><br><strong>HOW MORE ECONOMIC?<\/strong><br>Photocell fauctes have saved up to 80% water savings, especially in public areas since joining the armature family. Now WISER-Q has taken the soap savings under its control. WISER-Q offers the option to adjust in three different modes. It can be controlled by special controller or IOS \/ Android software. Keeps usage history in memory. Automatically shuts down after 60s against the risk of overflow. In case of water failure, the soap unit stops. In case of a power failure, the battery unit is activated. WISER-Q simplifies the environment it is in, separate soap dispensers eliminate unnecessary mess and soap deposits, uncontrolled soaps. <br><br>WISER-Q simplifies, saves time and offers true hygiene with a comfortable experience.<\/p>\n","protected":false},"excerpt":{"rendered":"<p>\u0130NSANLARIN EL YIKAMA ALI\u015eKANLIKLARINI TAMAMEN DE\u011e\u0130\u015eT\u0130REN,%100 H\u0130JYEN, MAKS\u0130MUM KONFOR VE DAHA FAZLA EKONOM\u0130SA\u011eLAYAN YEN\u0130 NES\u0130L ARMAT\u00dcR TEKNOLOJ\u0130S\u0130N\u0130 GPD GEL\u0130\u015eT\u0130RD\u0130 DESEK,NASIL %100 H\u0130JYEN? \u0130nsan, sadece el y\u0131kama al\u0131\u015fkanl\u0131klar\u0131n\u0131 iyile\u015ftirdi\u011finde, bula\u015f\u0131c\u0131 hastal\u0131klar\u0131n yay\u0131lmas\u0131n\u0131 %80 \u00f6nleyebilir. Bu nedenle insan\u0131n oldu\u011fu her yerde hijyen, do\u011fru el y\u0131kama ile ba\u015flar. Dokunarak \u00e7al\u0131\u015ft\u0131r\u0131lan her armat\u00fcr ve sabunluk, y\u00fczeylerindeki bakteri ve vir\u00fcsleri &hellip; <\/p>\n<p class=\"link-more\"><a href=\"https:\/\/wiserq.com.tr\/\" class=\"more-link\">Okumaya devam et<span class=\"screen-reader-text\"> &#8220;&#8221;<\/span><\/a><\/p>\n","protected":false},"author":1,"featured_media":5,"parent":0,"menu_order":0,"comment_status":"closed","ping_status":"open","template":"","meta":{"footnotes":""},"_links":{"self":[{"href":"https:\/\/wiserq.com.tr\/index.php?rest_route=\/wp\/v2\/pages\/2"}],"collection":[{"href":"https:\/\/wiserq.com.tr\/index.php?rest_route=\/wp\/v2\/pages"}],"about":[{"href":"https:\/\/wiserq.com.tr\/index.php?rest_route=\/wp\/v2\/types\/page"}],"author":[{"embeddable":true,"href":"https:\/\/wiserq.com.tr\/index.php?rest_route=\/wp\/v2\/users\/1"}],"replies":[{"embeddable":true,"href":"https:\/\/wiserq.com.tr\/index.php?rest_route=%2Fwp%2Fv2%2Fcomments&post=2"}],"version-history":[{"count":16,"href":"https:\/\/wiserq.com.tr\/index.php?rest_route=\/wp\/v2\/pages\/2\/revisions"}],"predecessor-version":[{"id":53,"href":"https:\/\/wiserq.com.tr\/index.php?rest_route=\/wp\/v2\/pages\/2\/revisions\/53"}],"wp:featuredmedia":[{"embeddable":true,"href":"https:\/\/wiserq.com.tr\/index.php?rest_route=\/wp\/v2\/media\/5"}],"wp:attachment":[{"href":"https:\/\/wiserq.com.tr\/index.php?rest_route=%2Fwp%2Fv2%2Fmedia&parent=2"}],"curies":[{"name":"wp","href":"https:\/\/api.w.org\/{rel}","templated":true}]}}